{"id":116,"date":"2022-05-17T11:32:55","date_gmt":"2022-05-17T09:32:55","guid":{"rendered":"https:\/\/maynieavocat.fr\/?page_id=116"},"modified":"2022-10-31T15:21:12","modified_gmt":"2022-10-31T14:21:12","slug":"cabinet-de-maitre-claire-maynie","status":"publish","type":"page","link":"https:\/\/maynieavocat.fr\/index.php\/cabinet-de-maitre-claire-maynie\/","title":{"rendered":"Cabinet de Ma\u00eetre Claire Mayni\u00e9"},"content":{"rendered":"<p>[et_pb_section fb_built=\u00a0\u00bb1&Prime; fullwidth=\u00a0\u00bbon\u00a0\u00bb admin_label=\u00a0\u00bbHero\u00a0\u00bb _builder_version=\u00a0\u00bb4.16&Prime; _module_preset=\u00a0\u00bbdefault\u00a0\u00bb background_image=\u00a0\u00bbhttps:\/\/maynieavocat.fr\/wp-content\/uploads\/2022\/05\/it-services-05.jpg\u00a0\u00bb parallax=\u00a0\u00bbon\u00a0\u00bb custom_padding=\u00a0\u00bb0px|0|0px|0px|false|false\u00a0\u00bb global_colors_info=\u00a0\u00bb{}\u00a0\u00bb][et_pb_fullwidth_header title=\u00a0\u00bbCabinet de Ma\u00eetre Mayni\u00e9\u00a0\u00bb text_orientation=\u00a0\u00bbcenter\u00a0\u00bb admin_label=\u00a0\u00bbFullwidth Header\u00a0\u00bb _builder_version=\u00a0\u00bb4.17.3&Prime; _module_preset=\u00a0\u00bbdefault\u00a0\u00bb title_font=\u00a0\u00bbShare Tech||||||||\u00a0\u00bb title_text_align=\u00a0\u00bbcenter\u00a0\u00bb title_font_size=\u00a0\u00bb80px\u00a0\u00bb title_line_height=\u00a0\u00bb1.2em\u00a0\u00bb content_font=\u00a0\u00bbOpen Sans||||||||\u00a0\u00bb content_text_align=\u00a0\u00bbcenter\u00a0\u00bb content_font_size=\u00a0\u00bb18px\u00a0\u00bb content_line_height=\u00a0\u00bb1.8em\u00a0\u00bb parallax=\u00a0\u00bbon\u00a0\u00bb parallax_method=\u00a0\u00bbon\u00a0\u00bb custom_button_one=\u00a0\u00bbon\u00a0\u00bb button_one_text_size=\u00a0\u00bb15px\u00a0\u00bb button_one_text_color=\u00a0\u00bb#4B838F\u00a0\u00bb button_one_bg_color=\u00a0\u00bb#FFFFFF\u00a0\u00bb button_one_border_width=\u00a0\u00bb0px\u00a0\u00bb button_one_border_color=\u00a0\u00bbRGBA(255,255,255,0)\u00a0\u00bb button_one_border_radius=\u00a0\u00bb100px\u00a0\u00bb button_one_letter_spacing=\u00a0\u00bb1px\u00a0\u00bb button_one_font=\u00a0\u00bbOpen Sans|700||on|||||\u00a0\u00bb custom_margin=\u00a0\u00bb|||\u00a0\u00bb custom_padding=\u00a0\u00bb0vw||0vw||true|\u00a0\u00bb custom_padding_tablet=\u00a0\u00bb100px||100px||true\u00a0\u00bb custom_padding_phone=\u00a0\u00bb|||\u00a0\u00bb custom_padding_last_edited=\u00a0\u00bbon|desktop\u00a0\u00bb title_font_size_tablet=\u00a0\u00bb60px\u00a0\u00bb title_font_size_phone=\u00a0\u00bb36px\u00a0\u00bb title_font_size_last_edited=\u00a0\u00bbon|phone\u00a0\u00bb content_font_size_tablet=\u00a0\u00bb\u00a0\u00bb content_font_size_phone=\u00a0\u00bb16px\u00a0\u00bb content_font_size_last_edited=\u00a0\u00bbon|phone\u00a0\u00bb button_one_text_size_tablet=\u00a0\u00bb\u00a0\u00bb button_one_text_size_phone=\u00a0\u00bb\u00a0\u00bb button_one_text_size_last_edited=\u00a0\u00bbon|desktop\u00a0\u00bb button_one_border_color_hover=\u00a0\u00bb#ff8a3d\u00a0\u00bb button_one_border_radius_hover=\u00a0\u00bb100px\u00a0\u00bb button_one_letter_spacing_hover=\u00a0\u00bb5px\u00a0\u00bb button_one_bg_color_hover=\u00a0\u00bb#ff8a3d\u00a0\u00bb global_colors_info=\u00a0\u00bb{}\u00a0\u00bb button_one_text_size__hover_enabled=\u00a0\u00bboff\u00a0\u00bb button_two_text_size__hover_enabled=\u00a0\u00bboff\u00a0\u00bb button_one_text_color__hover_enabled=\u00a0\u00bboff\u00a0\u00bb button_two_text_color__hover_enabled=\u00a0\u00bboff\u00a0\u00bb button_one_border_width__hover_enabled=\u00a0\u00bboff\u00a0\u00bb button_two_border_width__hover_enabled=\u00a0\u00bboff\u00a0\u00bb button_one_border_color__hover_enabled=\u00a0\u00bbon\u00a0\u00bb button_one_border_color__hover=\u00a0\u00bb#874B5D\u00a0\u00bb button_two_border_color__hover_enabled=\u00a0\u00bboff\u00a0\u00bb button_one_border_radius__hover_enabled=\u00a0\u00bbon\u00a0\u00bb button_one_border_radius__hover=\u00a0\u00bb100px\u00a0\u00bb button_two_border_radius__hover_enabled=\u00a0\u00bboff\u00a0\u00bb button_one_letter_spacing__hover_enabled=\u00a0\u00bbon\u00a0\u00bb button_one_letter_spacing__hover=\u00a0\u00bb1px\u00a0\u00bb button_two_letter_spacing__hover_enabled=\u00a0\u00bboff\u00a0\u00bb button_one_bg_color__hover_enabled=\u00a0\u00bbon|hover\u00a0\u00bb button_one_bg_color__hover=\u00a0\u00bb#FFFFFF\u00a0\u00bb button_two_bg_color__hover_enabled=\u00a0\u00bboff\u00a0\u00bb button_one_bg_enable_color__hover=\u00a0\u00bbon\u00a0\u00bb][\/et_pb_fullwidth_header][\/et_pb_section][et_pb_section fb_built=\u00a0\u00bb1&Prime; admin_label=\u00a0\u00bbOur Services\u00a0\u00bb _builder_version=\u00a0\u00bb4.16&Prime; _module_preset=\u00a0\u00bbdefault\u00a0\u00bb custom_padding=\u00a0\u00bb|||\u00a0\u00bb locked=\u00a0\u00bboff\u00a0\u00bb global_colors_info=\u00a0\u00bb{}\u00a0\u00bb][et_pb_row _builder_version=\u00a0\u00bb4.17.3&Prime; _module_preset=\u00a0\u00bbdefault\u00a0\u00bb custom_margin=\u00a0\u00bb|||\u00a0\u00bb custom_padding=\u00a0\u00bb|||\u00a0\u00bb global_colors_info=\u00a0\u00bb{}\u00a0\u00bb][et_pb_column type=\u00a0\u00bb4_4&Prime; _builder_version=\u00a0\u00bb4.16&Prime; _module_preset=\u00a0\u00bbdefault\u00a0\u00bb custom_padding=\u00a0\u00bb|||\u00a0\u00bb global_colors_info=\u00a0\u00bb{}\u00a0\u00bb custom_padding__hover=\u00a0\u00bb|||\u00a0\u00bb][et_pb_text _builder_version=\u00a0\u00bb4.17.3&Prime; _module_preset=\u00a0\u00bbdefault\u00a0\u00bb text_font=\u00a0\u00bbShare Tech||||||||\u00a0\u00bb text_text_color=\u00a0\u00bbrgba(0,0,0,0.02)\u00a0\u00bb text_font_size=\u00a0\u00bb100px\u00a0\u00bb text_line_height=\u00a0\u00bb0.2em\u00a0\u00bb header_font=\u00a0\u00bb||||||||\u00a0\u00bb header_2_font=\u00a0\u00bbShare Tech||||||||\u00a0\u00bb header_2_font_size=\u00a0\u00bb48px\u00a0\u00bb header_2_line_height=\u00a0\u00bb1.4em\u00a0\u00bb text_orientation=\u00a0\u00bbcenter\u00a0\u00bb custom_margin=\u00a0\u00bb||30px||false\u00a0\u00bb custom_margin_tablet=\u00a0\u00bb||0px|\u00a0\u00bb custom_margin_phone=\u00a0\u00bb\u00a0\u00bb custom_margin_last_edited=\u00a0\u00bbon|tablet\u00a0\u00bb text_font_size_tablet=\u00a0\u00bb80px\u00a0\u00bb text_font_size_phone=\u00a0\u00bb60px\u00a0\u00bb text_font_size_last_edited=\u00a0\u00bbon|desktop\u00a0\u00bb header_2_font_size_tablet=\u00a0\u00bb\u00a0\u00bb header_2_font_size_phone=\u00a0\u00bb36px\u00a0\u00bb header_2_font_size_last_edited=\u00a0\u00bbon|phone\u00a0\u00bb global_colors_info=\u00a0\u00bb{}\u00a0\u00bb]<\/p>\n<h2><span style=\"color: #874b5d;\">Le cabinet<\/span><\/h2>\n<p>[\/et_pb_text][et_pb_text _builder_version=\u00a0\u00bb4.17.3&Prime; _module_preset=\u00a0\u00bbdefault\u00a0\u00bb text_text_color=\u00a0\u00bb#000000&Prime; text_font_size=\u00a0\u00bb17px\u00a0\u00bb global_colors_info=\u00a0\u00bb{}\u00a0\u00bb]<\/p>\n<p style=\"text-align: center;\"><span style=\"color: #874b5d;\">Le <strong>cabinet<\/strong> repose sur trois piliers fondamentaux\u00a0: <strong>conseil<\/strong>, <strong>assistance <\/strong>et <strong>d\u00e9fense<\/strong>.<\/span><\/p>\n<p style=\"text-align: center;\"><span style=\"color: #874b5d;\">Qu\u2019il s\u2019agisse de situations personnelles ou de <strong>litiges<\/strong> professionnels, nous vous pr\u00eatons une \u00e9coute attentive et un accompagnement personnalis\u00e9 en vue d\u2019atteindre l\u2019objectif fix\u00e9.<\/span><\/p>\n<p>[\/et_pb_text][\/et_pb_column][\/et_pb_row][\/et_pb_section][et_pb_section fb_built=\u00a0\u00bb1&Prime; admin_label=\u00a0\u00bbTestimonials\u00a0\u00bb _builder_version=\u00a0\u00bb4.16&Prime; _module_preset=\u00a0\u00bbdefault\u00a0\u00bb custom_padding=\u00a0\u00bb40px|0px|54px|0px|false|false\u00a0\u00bb global_colors_info=\u00a0\u00bb{}\u00a0\u00bb][et_pb_row _builder_version=\u00a0\u00bb4.16&Prime; _module_preset=\u00a0\u00bbdefault\u00a0\u00bb custom_margin=\u00a0\u00bb|||\u00a0\u00bb custom_padding=\u00a0\u00bb|||\u00a0\u00bb locked=\u00a0\u00bboff\u00a0\u00bb global_colors_info=\u00a0\u00bb{}\u00a0\u00bb][et_pb_column type=\u00a0\u00bb4_4&Prime; _builder_version=\u00a0\u00bb4.16&Prime; _module_preset=\u00a0\u00bbdefault\u00a0\u00bb custom_padding=\u00a0\u00bb|||\u00a0\u00bb global_colors_info=\u00a0\u00bb{}\u00a0\u00bb custom_padding__hover=\u00a0\u00bb|||\u00a0\u00bb][et_pb_text _builder_version=\u00a0\u00bb4.17.3&Prime; _module_preset=\u00a0\u00bbdefault\u00a0\u00bb text_font=\u00a0\u00bbShare Tech||||||||\u00a0\u00bb text_text_color=\u00a0\u00bb#874B5D\u00a0\u00bb text_font_size=\u00a0\u00bb100px\u00a0\u00bb text_line_height=\u00a0\u00bb0.2em\u00a0\u00bb header_font=\u00a0\u00bb||||||||\u00a0\u00bb header_2_font=\u00a0\u00bbShare Tech||||||||\u00a0\u00bb header_2_font_size=\u00a0\u00bb48px\u00a0\u00bb header_2_line_height=\u00a0\u00bb1.4em\u00a0\u00bb text_orientation=\u00a0\u00bbcenter\u00a0\u00bb custom_margin=\u00a0\u00bb||30px||false\u00a0\u00bb custom_margin_tablet=\u00a0\u00bb||0px|\u00a0\u00bb custom_margin_phone=\u00a0\u00bb\u00a0\u00bb custom_margin_last_edited=\u00a0\u00bbon|tablet\u00a0\u00bb text_font_size_tablet=\u00a0\u00bb80px\u00a0\u00bb text_font_size_phone=\u00a0\u00bb60px\u00a0\u00bb text_font_size_last_edited=\u00a0\u00bbon|desktop\u00a0\u00bb header_2_font_size_tablet=\u00a0\u00bb\u00a0\u00bb header_2_font_size_phone=\u00a0\u00bb36px\u00a0\u00bb header_2_font_size_last_edited=\u00a0\u00bbon|phone\u00a0\u00bb global_colors_info=\u00a0\u00bb{}\u00a0\u00bb]<\/p>\n<h2><span style=\"color: #4b838f;\">Ma\u00eetre Claire Mayni\u00e9<\/span><\/h2>\n<p>[\/et_pb_text][et_pb_text _builder_version=\u00a0\u00bb4.17.3&Prime; _module_preset=\u00a0\u00bbdefault\u00a0\u00bb text_text_color=\u00a0\u00bb#000000&Prime; text_font_size=\u00a0\u00bb17px\u00a0\u00bb global_colors_info=\u00a0\u00bb{}\u00a0\u00bb]<\/p>\n<p style=\"text-align: center;\"><span style=\"color: #4b838f;\"><strong>Claire Mayni\u00e9<\/strong> s\u2019oriente rapidement, dans ses \u00e9tudes, vers le <strong>droit<\/strong> et la facult\u00e9 de <strong>Toulouse<\/strong>. Aucun doute dans son esprit, elle veut devenir <strong>avocate<\/strong>.<\/span><\/p>\n<p style=\"text-align: center;\"><span style=\"color: #4b838f;\">Sa motivation et son app\u00e9tence pour la mati\u00e8re lui permettent de d\u00e9crocher un <strong>Master 1<\/strong> <strong>droit priv\u00e9<\/strong> puis un <strong>Master 2<\/strong> <strong>droit p\u00e9nal<\/strong> et <strong>sciences criminelles<\/strong>.<\/span><\/p>\n<p style=\"text-align: center;\"><span style=\"color: #4b838f;\">Dans la foul\u00e9e, elle est dipl\u00f4m\u00e9e de <strong>l\u2019\u00c9cole des Avocats de Toulouse<\/strong> et pr\u00eate serment en d\u00e9cembre 2012. \u00c0 cette occasion, elle jure \u00ab\u00a0dignit\u00e9, conscience, ind\u00e9pendance, probit\u00e9 et humanit\u00e9\u00a0\u00bb. Des valeurs qui lui correspondent. \u00a0<\/span><\/p>\n<p style=\"text-align: center;\"><span style=\"color: #4b838f;\">Inscrite au barreau de <strong>Carcassonne <\/strong>en suivant, sa carri\u00e8re commence v\u00e9ritablement. Elle fait ses armes comme collaboratrice. L\u00e0, bien entour\u00e9e, elle apprend parfaitement son m\u00e9tier.<\/span><\/p>\n<p style=\"text-align: center;\"><span style=\"color: #4b838f;\">Puis vient l\u2019heure de prendre son ind\u00e9pendance. Le <\/span><strong style=\"color: #4b838f;\">cabinet de Ma\u00eetre Claire Mayni\u00e9 <\/strong><span style=\"color: #4b838f;\">voit le jour. Et, depuis, il vous prot\u00e8ge, vous assiste, vous d\u00e9fend. Avec\u00a0<span style=\"caret-color: #4b838f;\">\u00e9coute<\/span>\u00a0et bienveillance. Toujours.<\/span><\/p>\n<p>[\/et_pb_text][\/et_pb_column][\/et_pb_row][\/et_pb_section][et_pb_section fb_built=\u00a0\u00bb1&Prime; fullwidth=\u00a0\u00bbon\u00a0\u00bb _builder_version=\u00a0\u00bb4.17.3&Prime; _module_preset=\u00a0\u00bbdefault\u00a0\u00bb background_color=\u00a0\u00bb#4B838F\u00a0\u00bb background_enable_image=\u00a0\u00bboff\u00a0\u00bb global_colors_info=\u00a0\u00bb{}\u00a0\u00bb][et_pb_fullwidth_image src=\u00a0\u00bbhttps:\/\/maynieavocat.fr\/wp-content\/uploads\/2022\/10\/claire-maynie-avocat-carcassonne-droit.jpg\u00a0\u00bb alt=\u00a0\u00bbClaire Mayni\u00e9 avocat Carcassonne\u00a0\u00bb title_text=\u00a0\u00bbclaire-maynie-avocat-carcassonne-droit\u00a0\u00bb _builder_version=\u00a0\u00bb4.18.0&Prime; _module_preset=\u00a0\u00bbdefault\u00a0\u00bb global_colors_info=\u00a0\u00bb{}\u00a0\u00bb][\/et_pb_fullwidth_image][\/et_pb_section]<\/p>\n","protected":false},"excerpt":{"rendered":"<p>Le cabinetLe cabinet repose sur trois piliers fondamentaux\u00a0: conseil, assistance et d\u00e9fense. Qu\u2019il s\u2019agisse de situations personnelles ou de litiges professionnels, nous vous pr\u00eatons une \u00e9coute attentive et un accompagnement personnalis\u00e9 en vue d\u2019atteindre l\u2019objectif fix\u00e9.Ma\u00eetre Claire Mayni\u00e9Claire Mayni\u00e9 s\u2019oriente rapidement, dans ses \u00e9tudes, vers le droit et la facult\u00e9 de Toulouse. Aucun doute dans [&hellip;]<\/p>\n","protected":false},"author":1,"featured_media":0,"parent":0,"menu_order":0,"comment_status":"closed","ping_status":"closed","template":"","meta":{"_et_pb_use_builder":"on","_et_pb_old_content":"<!-- wp:divi\/placeholder \/-->","_et_gb_content_width":"","footnotes":""},"class_list":["post-116","page","type-page","status-publish","hentry"],"yoast_head":"<!-- This site is optimized with the Yoast SEO plugin v26.9 - https:\/\/yoast.com\/product\/yoast-seo-wordpress\/ -->\n<title>Cabinet de Ma\u00eetre Claire Mayni\u00e9 - Le Cabinet Claire Mayni\u00e9<\/title>\n<meta name=\"description\" content=\"Install\u00e9 \u00e0 Carcassonne, le cabinet de Ma\u00eetre Claire MAYNIE est g\u00e9n\u00e9raliste. Les domaines d\u2019intervention sont vari\u00e9s et transversaux avec une primaut\u00e9 donn\u00e9e au droit p\u00e9nal et au droit civil. Le cabinet de Ma\u00eetre Claire Mayni\u00e9 vous assure, avec r\u00e9activit\u00e9 et dynamisme, une assistance \u00e0 tous les stades des probl\u00e9matiques et difficult\u00e9s que vous rencontrez.\" \/>\n<meta name=\"robots\" content=\"index, follow, max-snippet:-1, max-image-preview:large, max-video-preview:-1\" \/>\n<link rel=\"canonical\" href=\"https:\/\/maynieavocat.fr\/index.php\/cabinet-de-maitre-claire-maynie\/\" \/>\n<meta property=\"og:locale\" content=\"fr_FR\" \/>\n<meta property=\"og:type\" content=\"article\" \/>\n<meta property=\"og:title\" content=\"Cabinet de Ma\u00eetre Claire Mayni\u00e9 - Le Cabinet Claire Mayni\u00e9\" \/>\n<meta property=\"og:description\" content=\"Install\u00e9 \u00e0 Carcassonne, le cabinet de Ma\u00eetre Claire MAYNIE est g\u00e9n\u00e9raliste. Les domaines d\u2019intervention sont vari\u00e9s et transversaux avec une primaut\u00e9 donn\u00e9e au droit p\u00e9nal et au droit civil. Le cabinet de Ma\u00eetre Claire Mayni\u00e9 vous assure, avec r\u00e9activit\u00e9 et dynamisme, une assistance \u00e0 tous les stades des probl\u00e9matiques et difficult\u00e9s que vous rencontrez.\" \/>\n<meta property=\"og:url\" content=\"https:\/\/maynieavocat.fr\/index.php\/cabinet-de-maitre-claire-maynie\/\" \/>\n<meta property=\"og:site_name\" content=\"Le Cabinet Claire Mayni\u00e9\" \/>\n<meta property=\"article:modified_time\" content=\"2022-10-31T14:21:12+00:00\" \/>\n<meta name=\"twitter:card\" content=\"summary_large_image\" \/>\n<meta name=\"twitter:label1\" content=\"Dur\u00e9e de lecture estim\u00e9e\" \/>\n\t<meta name=\"twitter:data1\" content=\"2 minutes\" \/>\n<script type=\"application\/ld+json\" class=\"yoast-schema-graph\">{\"@context\":\"https:\/\/schema.org\",\"@graph\":[{\"@type\":\"WebPage\",\"@id\":\"https:\/\/maynieavocat.fr\/index.php\/cabinet-de-maitre-claire-maynie\/\",\"url\":\"https:\/\/maynieavocat.fr\/index.php\/cabinet-de-maitre-claire-maynie\/\",\"name\":\"Cabinet de Ma\u00eetre Claire Mayni\u00e9 - Le Cabinet Claire Mayni\u00e9\",\"isPartOf\":{\"@id\":\"https:\/\/paleturquoise-oyster-947640.hostingersite.com\/#website\"},\"datePublished\":\"2022-05-17T09:32:55+00:00\",\"dateModified\":\"2022-10-31T14:21:12+00:00\",\"description\":\"Install\u00e9 \u00e0 Carcassonne, le cabinet de Ma\u00eetre Claire MAYNIE est g\u00e9n\u00e9raliste. Les domaines d\u2019intervention sont vari\u00e9s et transversaux avec une primaut\u00e9 donn\u00e9e au droit p\u00e9nal et au droit civil. Le cabinet de Ma\u00eetre Claire Mayni\u00e9 vous assure, avec r\u00e9activit\u00e9 et dynamisme, une assistance \u00e0 tous les stades des probl\u00e9matiques et difficult\u00e9s que vous rencontrez.\",\"breadcrumb\":{\"@id\":\"https:\/\/maynieavocat.fr\/index.php\/cabinet-de-maitre-claire-maynie\/#breadcrumb\"},\"inLanguage\":\"fr-FR\",\"potentialAction\":[{\"@type\":\"ReadAction\",\"target\":[\"https:\/\/maynieavocat.fr\/index.php\/cabinet-de-maitre-claire-maynie\/\"]}]},{\"@type\":\"BreadcrumbList\",\"@id\":\"https:\/\/maynieavocat.fr\/index.php\/cabinet-de-maitre-claire-maynie\/#breadcrumb\",\"itemListElement\":[{\"@type\":\"ListItem\",\"position\":1,\"name\":\"Accueil\",\"item\":\"https:\/\/paleturquoise-oyster-947640.hostingersite.com\/\"},{\"@type\":\"ListItem\",\"position\":2,\"name\":\"Cabinet de Ma\u00eetre Claire Mayni\u00e9\"}]},{\"@type\":\"WebSite\",\"@id\":\"https:\/\/paleturquoise-oyster-947640.hostingersite.com\/#website\",\"url\":\"https:\/\/paleturquoise-oyster-947640.hostingersite.com\/\",\"name\":\"Le cabinet d'avocat Claire Mayni\u00e9 \u00e0 Carcassonne\",\"description\":\"Ma\u00eetre Claire Mayni\u00e9, vous accompagne pour les litiges de droit p\u00e9nal, droit civil et droit commercial.\",\"publisher\":{\"@id\":\"https:\/\/paleturquoise-oyster-947640.hostingersite.com\/#organization\"},\"potentialAction\":[{\"@type\":\"SearchAction\",\"target\":{\"@type\":\"EntryPoint\",\"urlTemplate\":\"https:\/\/paleturquoise-oyster-947640.hostingersite.com\/?s={search_term_string}\"},\"query-input\":{\"@type\":\"PropertyValueSpecification\",\"valueRequired\":true,\"valueName\":\"search_term_string\"}}],\"inLanguage\":\"fr-FR\"},{\"@type\":\"Organization\",\"@id\":\"https:\/\/paleturquoise-oyster-947640.hostingersite.com\/#organization\",\"name\":\"Le Cabinet d'Avocat Claire Mayni\u00e9\",\"url\":\"https:\/\/paleturquoise-oyster-947640.hostingersite.com\/\",\"logo\":{\"@type\":\"ImageObject\",\"inLanguage\":\"fr-FR\",\"@id\":\"https:\/\/paleturquoise-oyster-947640.hostingersite.com\/#\/schema\/logo\/image\/\",\"url\":\"https:\/\/maynieavocat.fr\/wp-content\/uploads\/2022\/05\/cropped-logo-claire-maynie.jpg\",\"contentUrl\":\"https:\/\/maynieavocat.fr\/wp-content\/uploads\/2022\/05\/cropped-logo-claire-maynie.jpg\",\"width\":512,\"height\":512,\"caption\":\"Le Cabinet d'Avocat Claire Mayni\u00e9\"},\"image\":{\"@id\":\"https:\/\/paleturquoise-oyster-947640.hostingersite.com\/#\/schema\/logo\/image\/\"}}]}<\/script>\n<!-- \/ Yoast SEO plugin. -->","yoast_head_json":{"title":"Cabinet de Ma\u00eetre Claire Mayni\u00e9 - Le Cabinet Claire Mayni\u00e9","description":"Install\u00e9 \u00e0 Carcassonne, le cabinet de Ma\u00eetre Claire MAYNIE est g\u00e9n\u00e9raliste. Les domaines d\u2019intervention sont vari\u00e9s et transversaux avec une primaut\u00e9 donn\u00e9e au droit p\u00e9nal et au droit civil. Le cabinet de Ma\u00eetre Claire Mayni\u00e9 vous assure, avec r\u00e9activit\u00e9 et dynamisme, une assistance \u00e0 tous les stades des probl\u00e9matiques et difficult\u00e9s que vous rencontrez.","robots":{"index":"index","follow":"follow","max-snippet":"max-snippet:-1","max-image-preview":"max-image-preview:large","max-video-preview":"max-video-preview:-1"},"canonical":"https:\/\/maynieavocat.fr\/index.php\/cabinet-de-maitre-claire-maynie\/","og_locale":"fr_FR","og_type":"article","og_title":"Cabinet de Ma\u00eetre Claire Mayni\u00e9 - Le Cabinet Claire Mayni\u00e9","og_description":"Install\u00e9 \u00e0 Carcassonne, le cabinet de Ma\u00eetre Claire MAYNIE est g\u00e9n\u00e9raliste. Les domaines d\u2019intervention sont vari\u00e9s et transversaux avec une primaut\u00e9 donn\u00e9e au droit p\u00e9nal et au droit civil. Le cabinet de Ma\u00eetre Claire Mayni\u00e9 vous assure, avec r\u00e9activit\u00e9 et dynamisme, une assistance \u00e0 tous les stades des probl\u00e9matiques et difficult\u00e9s que vous rencontrez.","og_url":"https:\/\/maynieavocat.fr\/index.php\/cabinet-de-maitre-claire-maynie\/","og_site_name":"Le Cabinet Claire Mayni\u00e9","article_modified_time":"2022-10-31T14:21:12+00:00","twitter_card":"summary_large_image","twitter_misc":{"Dur\u00e9e de lecture estim\u00e9e":"2 minutes"},"schema":{"@context":"https:\/\/schema.org","@graph":[{"@type":"WebPage","@id":"https:\/\/maynieavocat.fr\/index.php\/cabinet-de-maitre-claire-maynie\/","url":"https:\/\/maynieavocat.fr\/index.php\/cabinet-de-maitre-claire-maynie\/","name":"Cabinet de Ma\u00eetre Claire Mayni\u00e9 - Le Cabinet Claire Mayni\u00e9","isPartOf":{"@id":"https:\/\/paleturquoise-oyster-947640.hostingersite.com\/#website"},"datePublished":"2022-05-17T09:32:55+00:00","dateModified":"2022-10-31T14:21:12+00:00","description":"Install\u00e9 \u00e0 Carcassonne, le cabinet de Ma\u00eetre Claire MAYNIE est g\u00e9n\u00e9raliste. Les domaines d\u2019intervention sont vari\u00e9s et transversaux avec une primaut\u00e9 donn\u00e9e au droit p\u00e9nal et au droit civil. Le cabinet de Ma\u00eetre Claire Mayni\u00e9 vous assure, avec r\u00e9activit\u00e9 et dynamisme, une assistance \u00e0 tous les stades des probl\u00e9matiques et difficult\u00e9s que vous rencontrez.","breadcrumb":{"@id":"https:\/\/maynieavocat.fr\/index.php\/cabinet-de-maitre-claire-maynie\/#breadcrumb"},"inLanguage":"fr-FR","potentialAction":[{"@type":"ReadAction","target":["https:\/\/maynieavocat.fr\/index.php\/cabinet-de-maitre-claire-maynie\/"]}]},{"@type":"BreadcrumbList","@id":"https:\/\/maynieavocat.fr\/index.php\/cabinet-de-maitre-claire-maynie\/#breadcrumb","itemListElement":[{"@type":"ListItem","position":1,"name":"Accueil","item":"https:\/\/paleturquoise-oyster-947640.hostingersite.com\/"},{"@type":"ListItem","position":2,"name":"Cabinet de Ma\u00eetre Claire Mayni\u00e9"}]},{"@type":"WebSite","@id":"https:\/\/paleturquoise-oyster-947640.hostingersite.com\/#website","url":"https:\/\/paleturquoise-oyster-947640.hostingersite.com\/","name":"Le cabinet d'avocat Claire Mayni\u00e9 \u00e0 Carcassonne","description":"Ma\u00eetre Claire Mayni\u00e9, vous accompagne pour les litiges de droit p\u00e9nal, droit civil et droit commercial.","publisher":{"@id":"https:\/\/paleturquoise-oyster-947640.hostingersite.com\/#organization"},"potentialAction":[{"@type":"SearchAction","target":{"@type":"EntryPoint","urlTemplate":"https:\/\/paleturquoise-oyster-947640.hostingersite.com\/?s={search_term_string}"},"query-input":{"@type":"PropertyValueSpecification","valueRequired":true,"valueName":"search_term_string"}}],"inLanguage":"fr-FR"},{"@type":"Organization","@id":"https:\/\/paleturquoise-oyster-947640.hostingersite.com\/#organization","name":"Le Cabinet d'Avocat Claire Mayni\u00e9","url":"https:\/\/paleturquoise-oyster-947640.hostingersite.com\/","logo":{"@type":"ImageObject","inLanguage":"fr-FR","@id":"https:\/\/paleturquoise-oyster-947640.hostingersite.com\/#\/schema\/logo\/image\/","url":"https:\/\/maynieavocat.fr\/wp-content\/uploads\/2022\/05\/cropped-logo-claire-maynie.jpg","contentUrl":"https:\/\/maynieavocat.fr\/wp-content\/uploads\/2022\/05\/cropped-logo-claire-maynie.jpg","width":512,"height":512,"caption":"Le Cabinet d'Avocat Claire Mayni\u00e9"},"image":{"@id":"https:\/\/paleturquoise-oyster-947640.hostingersite.com\/#\/schema\/logo\/image\/"}}]}},"_links":{"self":[{"href":"https:\/\/maynieavocat.fr\/index.php\/wp-json\/wp\/v2\/pages\/116","targetHints":{"allow":["GET"]}}],"collection":[{"href":"https:\/\/maynieavocat.fr\/index.php\/wp-json\/wp\/v2\/pages"}],"about":[{"href":"https:\/\/maynieavocat.fr\/index.php\/wp-json\/wp\/v2\/types\/page"}],"author":[{"embeddable":true,"href":"https:\/\/maynieavocat.fr\/index.php\/wp-json\/wp\/v2\/users\/1"}],"replies":[{"embeddable":true,"href":"https:\/\/maynieavocat.fr\/index.php\/wp-json\/wp\/v2\/comments?post=116"}],"version-history":[{"count":18,"href":"https:\/\/maynieavocat.fr\/index.php\/wp-json\/wp\/v2\/pages\/116\/revisions"}],"predecessor-version":[{"id":528,"href":"https:\/\/maynieavocat.fr\/index.php\/wp-json\/wp\/v2\/pages\/116\/revisions\/528"}],"wp:attachment":[{"href":"https:\/\/maynieavocat.fr\/index.php\/wp-json\/wp\/v2\/media?parent=116"}],"curies":[{"name":"wp","href":"https:\/\/api.w.org\/{rel}","templated":true}]}}