{"id":138,"date":"2022-05-17T14:17:46","date_gmt":"2022-05-17T12:17:46","guid":{"rendered":"https:\/\/maynieavocat.fr\/?page_id=138"},"modified":"2022-10-26T14:21:19","modified_gmt":"2022-10-26T12:21:19","slug":"honoraires","status":"publish","type":"page","link":"https:\/\/maynieavocat.fr\/index.php\/honoraires\/","title":{"rendered":"Honoraires"},"content":{"rendered":"\n\n\n[et_pb_section fb_built=\u00a0\u00bb1&Prime; admin_label=\u00a0\u00bbTestimonials\u00a0\u00bb _builder_version=\u00a0\u00bb4.16&Prime; _module_preset=\u00a0\u00bbdefault\u00a0\u00bb custom_padding=\u00a0\u00bb100px|0px|54px|0px|false|false\u00a0\u00bb global_colors_info=\u00a0\u00bb{}\u00a0\u00bb][et_pb_row _builder_version=\u00a0\u00bb4.16&Prime; _module_preset=\u00a0\u00bbdefault\u00a0\u00bb custom_margin=\u00a0\u00bb|||\u00a0\u00bb custom_padding=\u00a0\u00bb|||\u00a0\u00bb locked=\u00a0\u00bboff\u00a0\u00bb global_colors_info=\u00a0\u00bb{}\u00a0\u00bb][et_pb_column type=\u00a0\u00bb4_4&Prime; _builder_version=\u00a0\u00bb4.16&Prime; _module_preset=\u00a0\u00bbdefault\u00a0\u00bb custom_padding=\u00a0\u00bb|||\u00a0\u00bb global_colors_info=\u00a0\u00bb{}\u00a0\u00bb custom_padding__hover=\u00a0\u00bb|||\u00a0\u00bb][et_pb_text _builder_version=\u00a0\u00bb4.17.3&Prime; _module_preset=\u00a0\u00bbdefault\u00a0\u00bb text_font=\u00a0\u00bbShare Tech||||||||\u00a0\u00bb text_text_color=\u00a0\u00bb#874B5D\u00a0\u00bb text_font_size=\u00a0\u00bb100px\u00a0\u00bb text_line_height=\u00a0\u00bb0.2em\u00a0\u00bb header_font=\u00a0\u00bb||||||||\u00a0\u00bb header_2_font=\u00a0\u00bbShare Tech||||||||\u00a0\u00bb header_2_font_size=\u00a0\u00bb48px\u00a0\u00bb header_2_line_height=\u00a0\u00bb1.4em\u00a0\u00bb text_orientation=\u00a0\u00bbcenter\u00a0\u00bb custom_margin=\u00a0\u00bb||30px||false\u00a0\u00bb custom_margin_tablet=\u00a0\u00bb||0px|\u00a0\u00bb custom_margin_phone=\u00a0\u00bb\u00a0\u00bb custom_margin_last_edited=\u00a0\u00bbon|tablet\u00a0\u00bb text_font_size_tablet=\u00a0\u00bb80px\u00a0\u00bb text_font_size_phone=\u00a0\u00bb60px\u00a0\u00bb text_font_size_last_edited=\u00a0\u00bbon|desktop\u00a0\u00bb header_2_font_size_tablet=\u00a0\u00bb\u00a0\u00bb header_2_font_size_phone=\u00a0\u00bb36px\u00a0\u00bb header_2_font_size_last_edited=\u00a0\u00bbon|phone\u00a0\u00bb global_colors_info=\u00a0\u00bb{}\u00a0\u00bb]<h2><span style=\"color: #874b5d;\">Les honoraires<\/span><\/h2>[\/et_pb_text][et_pb_text _builder_version=\u00a0\u00bb4.17.3&Prime; _module_preset=\u00a0\u00bbdefault\u00a0\u00bb text_text_color=\u00a0\u00bb#000000&Prime; text_font_size=\u00a0\u00bb17px\u00a0\u00bb global_colors_info=\u00a0\u00bb{}\u00a0\u00bb]<p style=\"text-align: center;\"><span style=\"color: #874b5d;\">Dans le <strong>cabinet<\/strong>, les honoraires sont fix\u00e9s au cas par cas.<\/span><\/p>\n<p style=\"text-align: center;\"><span style=\"color: #874b5d;\">Ils prennent en consid\u00e9ration la nature de l\u2019<strong>affaire<\/strong> (sa complexit\u00e9, sa dur\u00e9e estim\u00e9e\u2026) ainsi que la situation personnelle et financi\u00e8re du client.<\/span><\/p>\n<p style=\"text-align: center;\"><span style=\"color: #874b5d;\">Nous essayons de trouver le meilleur ajustement possible afin que les deux parties soient satisfaites.<\/span><\/p>\n<p style=\"text-align: center;\"><span style=\"color: #874b5d;\"><strong>Ma\u00eetre Claire Mayni\u00e9<\/strong> pr\u00e9pare et vous fait signer une convention d\u2019honoraires personnalis\u00e9e, \u00e9vitant, de ce fait, toute incompr\u00e9hension ou mauvaise surprise. Vous \u00eates, ainsi, inform\u00e9.e, d\u00e8s le d\u00e9part, de l\u2019aspect financier.<\/span><\/p>\n<p style=\"text-align: center;\"><span style=\"color: #874b5d;\">Vous pouvez demander l\u2019aide de votre assurance (avec la <strong>protection juridique<\/strong>) ou de l\u2019\u00c9tat, si vos ressources s\u2019av\u00e8rent insuffisantes (<strong>aide juridictionnelle<\/strong> <strong>totale<\/strong> ou <strong>partielle<\/strong>).<\/span><\/p>[\/et_pb_text][\/et_pb_column][\/et_pb_row][\/et_pb_section][et_pb_section fb_built=\u00a0\u00bb1&Prime; fullwidth=\u00a0\u00bbon\u00a0\u00bb _builder_version=\u00a0\u00bb4.17.3&Prime; _module_preset=\u00a0\u00bbdefault\u00a0\u00bb background_color=\u00a0\u00bb#4B838F\u00a0\u00bb background_enable_image=\u00a0\u00bboff\u00a0\u00bb global_colors_info=\u00a0\u00bb{}\u00a0\u00bb][et_pb_fullwidth_image src=\u00a0\u00bbhttps:\/\/maynieavocat.fr\/wp-content\/uploads\/2022\/10\/claire-maynie-avocat-carcassonne-droit.jpg\u00a0\u00bb title_text=\u00a0\u00bbclaire-maynie-avocat-carcassonne-droit\u00a0\u00bb _builder_version=\u00a0\u00bb4.18.0&Prime; _module_preset=\u00a0\u00bbdefault\u00a0\u00bb hover_enabled=\u00a0\u00bb0&Prime; global_colors_info=\u00a0\u00bb{}\u00a0\u00bb alt=\u00a0\u00bbClaire Mayni\u00e9 avocat Carcassonne\u00a0\u00bb sticky_enabled=\u00a0\u00bb0&Prime;][\/et_pb_fullwidth_image][\/et_pb_section]\n\n\n","protected":false},"excerpt":{"rendered":"<p>Les honorairesDans le cabinet, les honoraires sont fix\u00e9s au cas par cas. Ils prennent en consid\u00e9ration la nature de l\u2019affaire (sa complexit\u00e9, sa dur\u00e9e estim\u00e9e\u2026) ainsi que la situation personnelle et financi\u00e8re du client. Nous essayons de trouver le meilleur ajustement possible afin que les deux parties soient satisfaites. Ma\u00eetre Claire Mayni\u00e9 pr\u00e9pare et vous [&hellip;]<\/p>\n","protected":false},"author":1,"featured_media":0,"parent":0,"menu_order":0,"comment_status":"closed","ping_status":"closed","template":"","meta":{"_et_pb_use_builder":"on","_et_pb_old_content":"<!-- wp:divi\/placeholder \/-->","_et_gb_content_width":"","footnotes":""},"class_list":["post-138","page","type-page","status-publish","hentry"],"yoast_head":"<!-- This site is optimized with the Yoast SEO plugin v26.9 - https:\/\/yoast.com\/product\/yoast-seo-wordpress\/ -->\n<title>Honoraires - Le Cabinet Claire Mayni\u00e9<\/title>\n<meta name=\"description\" content=\"Au sein du cabinet de Claire Mayni\u00e9 Avocat \u00e0 Carcassonne, le montant des honoraires est fix\u00e9 en fonction de la nature de l\u2019affaire et de la situation financi\u00e8re et personnelle du client. Le cabinet est totalement transparent avec vous \u00e9vitant ainsi toute mauvaise surprise.\" \/>\n<meta name=\"robots\" content=\"index, follow, max-snippet:-1, max-image-preview:large, max-video-preview:-1\" \/>\n<link rel=\"canonical\" href=\"https:\/\/maynieavocat.fr\/index.php\/honoraires\/\" \/>\n<meta property=\"og:locale\" content=\"fr_FR\" \/>\n<meta property=\"og:type\" content=\"article\" \/>\n<meta property=\"og:title\" content=\"Honoraires - Le Cabinet Claire Mayni\u00e9\" \/>\n<meta property=\"og:description\" content=\"Au sein du cabinet de Claire Mayni\u00e9 Avocat \u00e0 Carcassonne, le montant des honoraires est fix\u00e9 en fonction de la nature de l\u2019affaire et de la situation financi\u00e8re et personnelle du client. Le cabinet est totalement transparent avec vous \u00e9vitant ainsi toute mauvaise surprise.\" \/>\n<meta property=\"og:url\" content=\"https:\/\/maynieavocat.fr\/index.php\/honoraires\/\" \/>\n<meta property=\"og:site_name\" content=\"Le Cabinet Claire Mayni\u00e9\" \/>\n<meta property=\"article:modified_time\" content=\"2022-10-26T12:21:19+00:00\" \/>\n<meta name=\"twitter:card\" content=\"summary_large_image\" \/>\n<meta name=\"twitter:label1\" content=\"Dur\u00e9e de lecture estim\u00e9e\" \/>\n\t<meta name=\"twitter:data1\" content=\"1 minute\" \/>\n<script type=\"application\/ld+json\" class=\"yoast-schema-graph\">{\"@context\":\"https:\/\/schema.org\",\"@graph\":[{\"@type\":\"WebPage\",\"@id\":\"https:\/\/maynieavocat.fr\/index.php\/honoraires\/\",\"url\":\"https:\/\/maynieavocat.fr\/index.php\/honoraires\/\",\"name\":\"Honoraires - Le Cabinet Claire Mayni\u00e9\",\"isPartOf\":{\"@id\":\"https:\/\/paleturquoise-oyster-947640.hostingersite.com\/#website\"},\"datePublished\":\"2022-05-17T12:17:46+00:00\",\"dateModified\":\"2022-10-26T12:21:19+00:00\",\"description\":\"Au sein du cabinet de Claire Mayni\u00e9 Avocat \u00e0 Carcassonne, le montant des honoraires est fix\u00e9 en fonction de la nature de l\u2019affaire et de la situation financi\u00e8re et personnelle du client. Le cabinet est totalement transparent avec vous \u00e9vitant ainsi toute mauvaise surprise.\",\"breadcrumb\":{\"@id\":\"https:\/\/maynieavocat.fr\/index.php\/honoraires\/#breadcrumb\"},\"inLanguage\":\"fr-FR\",\"potentialAction\":[{\"@type\":\"ReadAction\",\"target\":[\"https:\/\/maynieavocat.fr\/index.php\/honoraires\/\"]}]},{\"@type\":\"BreadcrumbList\",\"@id\":\"https:\/\/maynieavocat.fr\/index.php\/honoraires\/#breadcrumb\",\"itemListElement\":[{\"@type\":\"ListItem\",\"position\":1,\"name\":\"Accueil\",\"item\":\"https:\/\/paleturquoise-oyster-947640.hostingersite.com\/\"},{\"@type\":\"ListItem\",\"position\":2,\"name\":\"Honoraires\"}]},{\"@type\":\"WebSite\",\"@id\":\"https:\/\/paleturquoise-oyster-947640.hostingersite.com\/#website\",\"url\":\"https:\/\/paleturquoise-oyster-947640.hostingersite.com\/\",\"name\":\"Le cabinet d'avocat Claire Mayni\u00e9 \u00e0 Carcassonne\",\"description\":\"Ma\u00eetre Claire Mayni\u00e9, vous accompagne pour les litiges de droit p\u00e9nal, droit civil et droit commercial.\",\"publisher\":{\"@id\":\"https:\/\/paleturquoise-oyster-947640.hostingersite.com\/#organization\"},\"potentialAction\":[{\"@type\":\"SearchAction\",\"target\":{\"@type\":\"EntryPoint\",\"urlTemplate\":\"https:\/\/paleturquoise-oyster-947640.hostingersite.com\/?s={search_term_string}\"},\"query-input\":{\"@type\":\"PropertyValueSpecification\",\"valueRequired\":true,\"valueName\":\"search_term_string\"}}],\"inLanguage\":\"fr-FR\"},{\"@type\":\"Organization\",\"@id\":\"https:\/\/paleturquoise-oyster-947640.hostingersite.com\/#organization\",\"name\":\"Le Cabinet d'Avocat Claire Mayni\u00e9\",\"url\":\"https:\/\/paleturquoise-oyster-947640.hostingersite.com\/\",\"logo\":{\"@type\":\"ImageObject\",\"inLanguage\":\"fr-FR\",\"@id\":\"https:\/\/paleturquoise-oyster-947640.hostingersite.com\/#\/schema\/logo\/image\/\",\"url\":\"https:\/\/maynieavocat.fr\/wp-content\/uploads\/2022\/05\/cropped-logo-claire-maynie.jpg\",\"contentUrl\":\"https:\/\/maynieavocat.fr\/wp-content\/uploads\/2022\/05\/cropped-logo-claire-maynie.jpg\",\"width\":512,\"height\":512,\"caption\":\"Le Cabinet d'Avocat Claire Mayni\u00e9\"},\"image\":{\"@id\":\"https:\/\/paleturquoise-oyster-947640.hostingersite.com\/#\/schema\/logo\/image\/\"}}]}<\/script>\n<!-- \/ Yoast SEO plugin. -->","yoast_head_json":{"title":"Honoraires - Le Cabinet Claire Mayni\u00e9","description":"Au sein du cabinet de Claire Mayni\u00e9 Avocat \u00e0 Carcassonne, le montant des honoraires est fix\u00e9 en fonction de la nature de l\u2019affaire et de la situation financi\u00e8re et personnelle du client. Le cabinet est totalement transparent avec vous \u00e9vitant ainsi toute mauvaise surprise.","robots":{"index":"index","follow":"follow","max-snippet":"max-snippet:-1","max-image-preview":"max-image-preview:large","max-video-preview":"max-video-preview:-1"},"canonical":"https:\/\/maynieavocat.fr\/index.php\/honoraires\/","og_locale":"fr_FR","og_type":"article","og_title":"Honoraires - Le Cabinet Claire Mayni\u00e9","og_description":"Au sein du cabinet de Claire Mayni\u00e9 Avocat \u00e0 Carcassonne, le montant des honoraires est fix\u00e9 en fonction de la nature de l\u2019affaire et de la situation financi\u00e8re et personnelle du client. Le cabinet est totalement transparent avec vous \u00e9vitant ainsi toute mauvaise surprise.","og_url":"https:\/\/maynieavocat.fr\/index.php\/honoraires\/","og_site_name":"Le Cabinet Claire Mayni\u00e9","article_modified_time":"2022-10-26T12:21:19+00:00","twitter_card":"summary_large_image","twitter_misc":{"Dur\u00e9e de lecture estim\u00e9e":"1 minute"},"schema":{"@context":"https:\/\/schema.org","@graph":[{"@type":"WebPage","@id":"https:\/\/maynieavocat.fr\/index.php\/honoraires\/","url":"https:\/\/maynieavocat.fr\/index.php\/honoraires\/","name":"Honoraires - Le Cabinet Claire Mayni\u00e9","isPartOf":{"@id":"https:\/\/paleturquoise-oyster-947640.hostingersite.com\/#website"},"datePublished":"2022-05-17T12:17:46+00:00","dateModified":"2022-10-26T12:21:19+00:00","description":"Au sein du cabinet de Claire Mayni\u00e9 Avocat \u00e0 Carcassonne, le montant des honoraires est fix\u00e9 en fonction de la nature de l\u2019affaire et de la situation financi\u00e8re et personnelle du client. Le cabinet est totalement transparent avec vous \u00e9vitant ainsi toute mauvaise surprise.","breadcrumb":{"@id":"https:\/\/maynieavocat.fr\/index.php\/honoraires\/#breadcrumb"},"inLanguage":"fr-FR","potentialAction":[{"@type":"ReadAction","target":["https:\/\/maynieavocat.fr\/index.php\/honoraires\/"]}]},{"@type":"BreadcrumbList","@id":"https:\/\/maynieavocat.fr\/index.php\/honoraires\/#breadcrumb","itemListElement":[{"@type":"ListItem","position":1,"name":"Accueil","item":"https:\/\/paleturquoise-oyster-947640.hostingersite.com\/"},{"@type":"ListItem","position":2,"name":"Honoraires"}]},{"@type":"WebSite","@id":"https:\/\/paleturquoise-oyster-947640.hostingersite.com\/#website","url":"https:\/\/paleturquoise-oyster-947640.hostingersite.com\/","name":"Le cabinet d'avocat Claire Mayni\u00e9 \u00e0 Carcassonne","description":"Ma\u00eetre Claire Mayni\u00e9, vous accompagne pour les litiges de droit p\u00e9nal, droit civil et droit commercial.","publisher":{"@id":"https:\/\/paleturquoise-oyster-947640.hostingersite.com\/#organization"},"potentialAction":[{"@type":"SearchAction","target":{"@type":"EntryPoint","urlTemplate":"https:\/\/paleturquoise-oyster-947640.hostingersite.com\/?s={search_term_string}"},"query-input":{"@type":"PropertyValueSpecification","valueRequired":true,"valueName":"search_term_string"}}],"inLanguage":"fr-FR"},{"@type":"Organization","@id":"https:\/\/paleturquoise-oyster-947640.hostingersite.com\/#organization","name":"Le Cabinet d'Avocat Claire Mayni\u00e9","url":"https:\/\/paleturquoise-oyster-947640.hostingersite.com\/","logo":{"@type":"ImageObject","inLanguage":"fr-FR","@id":"https:\/\/paleturquoise-oyster-947640.hostingersite.com\/#\/schema\/logo\/image\/","url":"https:\/\/maynieavocat.fr\/wp-content\/uploads\/2022\/05\/cropped-logo-claire-maynie.jpg","contentUrl":"https:\/\/maynieavocat.fr\/wp-content\/uploads\/2022\/05\/cropped-logo-claire-maynie.jpg","width":512,"height":512,"caption":"Le Cabinet d'Avocat Claire Mayni\u00e9"},"image":{"@id":"https:\/\/paleturquoise-oyster-947640.hostingersite.com\/#\/schema\/logo\/image\/"}}]}},"_links":{"self":[{"href":"https:\/\/maynieavocat.fr\/index.php\/wp-json\/wp\/v2\/pages\/138","targetHints":{"allow":["GET"]}}],"collection":[{"href":"https:\/\/maynieavocat.fr\/index.php\/wp-json\/wp\/v2\/pages"}],"about":[{"href":"https:\/\/maynieavocat.fr\/index.php\/wp-json\/wp\/v2\/types\/page"}],"author":[{"embeddable":true,"href":"https:\/\/maynieavocat.fr\/index.php\/wp-json\/wp\/v2\/users\/1"}],"replies":[{"embeddable":true,"href":"https:\/\/maynieavocat.fr\/index.php\/wp-json\/wp\/v2\/comments?post=138"}],"version-history":[{"count":9,"href":"https:\/\/maynieavocat.fr\/index.php\/wp-json\/wp\/v2\/pages\/138\/revisions"}],"predecessor-version":[{"id":512,"href":"https:\/\/maynieavocat.fr\/index.php\/wp-json\/wp\/v2\/pages\/138\/revisions\/512"}],"wp:attachment":[{"href":"https:\/\/maynieavocat.fr\/index.php\/wp-json\/wp\/v2\/media?parent=138"}],"curies":[{"name":"wp","href":"https:\/\/api.w.org\/{rel}","templated":true}]}}