{"id":39,"date":"2022-05-19T12:19:54","date_gmt":"2022-05-19T10:19:54","guid":{"rendered":"https:\/\/maynieavocat.fr\/?page_id=39"},"modified":"2022-10-26T14:18:09","modified_gmt":"2022-10-26T12:18:09","slug":"credits-mentions-legales","status":"publish","type":"page","link":"https:\/\/maynieavocat.fr\/index.php\/credits-mentions-legales\/","title":{"rendered":"Cr\u00e9dits et mentions l\u00e9gales"},"content":{"rendered":"\n[et_pb_section fb_built=\u00a0\u00bb1&Prime; admin_label=\u00a0\u00bbOur Services\u00a0\u00bb _builder_version=\u00a0\u00bb4.16&Prime; _module_preset=\u00a0\u00bbdefault\u00a0\u00bb custom_padding=\u00a0\u00bb|||\u00a0\u00bb locked=\u00a0\u00bboff\u00a0\u00bb global_colors_info=\u00a0\u00bb{}\u00a0\u00bb][et_pb_row _builder_version=\u00a0\u00bb4.17.3&Prime; _module_preset=\u00a0\u00bbdefault\u00a0\u00bb custom_margin=\u00a0\u00bb|||\u00a0\u00bb custom_padding=\u00a0\u00bb|||\u00a0\u00bb global_colors_info=\u00a0\u00bb{}\u00a0\u00bb][et_pb_column type=\u00a0\u00bb4_4&Prime; _builder_version=\u00a0\u00bb4.16&Prime; _module_preset=\u00a0\u00bbdefault\u00a0\u00bb custom_padding=\u00a0\u00bb|||\u00a0\u00bb global_colors_info=\u00a0\u00bb{}\u00a0\u00bb custom_padding__hover=\u00a0\u00bb|||\u00a0\u00bb][et_pb_text _builder_version=\u00a0\u00bb4.17.3&Prime; _module_preset=\u00a0\u00bbdefault\u00a0\u00bb text_font=\u00a0\u00bbShare Tech||||||||\u00a0\u00bb text_text_color=\u00a0\u00bbrgba(0,0,0,0.02)\u00a0\u00bb text_font_size=\u00a0\u00bb100px\u00a0\u00bb text_line_height=\u00a0\u00bb0.2em\u00a0\u00bb header_font=\u00a0\u00bb||||||||\u00a0\u00bb header_2_font=\u00a0\u00bbShare Tech||||||||\u00a0\u00bb header_2_font_size=\u00a0\u00bb48px\u00a0\u00bb header_2_line_height=\u00a0\u00bb1.4em\u00a0\u00bb text_orientation=\u00a0\u00bbcenter\u00a0\u00bb custom_margin=\u00a0\u00bb||30px||false\u00a0\u00bb custom_margin_tablet=\u00a0\u00bb||0px|\u00a0\u00bb custom_margin_phone=\u00a0\u00bb\u00a0\u00bb custom_margin_last_edited=\u00a0\u00bbon|tablet\u00a0\u00bb text_font_size_tablet=\u00a0\u00bb80px\u00a0\u00bb text_font_size_phone=\u00a0\u00bb60px\u00a0\u00bb text_font_size_last_edited=\u00a0\u00bbon|desktop\u00a0\u00bb header_2_font_size_tablet=\u00a0\u00bb\u00a0\u00bb header_2_font_size_phone=\u00a0\u00bb36px\u00a0\u00bb header_2_font_size_last_edited=\u00a0\u00bbon|phone\u00a0\u00bb global_colors_info=\u00a0\u00bb{}\u00a0\u00bb]<h2><span style=\"color: #874b5d;\">Les cr\u00e9dits et mentions l\u00e9gales<\/span><\/h2>[\/et_pb_text][et_pb_text _builder_version=\u00a0\u00bb4.17.3&Prime; _module_preset=\u00a0\u00bbdefault\u00a0\u00bb text_text_color=\u00a0\u00bb#000000&Prime; text_font_size=\u00a0\u00bb17px\u00a0\u00bb global_colors_info=\u00a0\u00bb{}\u00a0\u00bb]<h2><span style=\"color: #874b5d;\">1 \u2013 \u00c9dition du site\u00a0<\/span><\/h2>\n<p><span style=\"color: #874b5d;\">En vertu de\u00a0<a href=\"https:\/\/www.legifrance.gouv.fr\/affichTexte.do?cidTexte=JORFTEXT000000801164#LEGIARTI000042038977\" style=\"color: #874b5d;\">l\u2019article 6 de la loi n\u00b0 2004-575 du 21 juin 2004<\/a>\u00a0pour la confiance dans l\u2019\u00e9conomie num\u00e9rique, il est pr\u00e9cis\u00e9 aux utilisateurs du site internet\u00a0<a href=\"https:\/\/manon-negre-avocat.fr\/\" style=\"color: #874b5d;\">https:\/\/maynieavocat.fr\/<\/a>\u00a0l\u2019identit\u00e9 des diff\u00e9rents intervenants dans le cadre de sa r\u00e9alisation et de son suivi:<\/span><\/p>\n<p><span style=\"color: #874b5d;\"><strong>Propri\u00e9taire du site :<\/strong><strong>\u00a0<\/strong>Claire Mayni\u00e9 \u2013 Contact : contact@maynie-avocat.fr \u2013 09 77 39 27 99 \u2013 Adresse : 2 Pl. Victor Basch, 11000 Carcassonne<\/span><\/p>\n<p><span style=\"color: #874b5d;\"><strong>Identification de l\u2019entreprise :<\/strong>\u00a0<\/span><\/p>\n<p><span style=\"color: #874b5d;\">Claire Mayni\u00e9 \u2013 Siret FR 791 525 405 000 35 &#8211; Code APE 69101 &#8211;<\/span><\/p>\n<p><span style=\"color: #874b5d;\">Contact : contact@maynie-avocat.fr \u2013 09 77 39 27 99 \u2013 Adresse : 2 Pl. Victor Basch, 11000 Carcassonne<\/span><\/p>\n<p><span style=\"color: #874b5d;\"><strong>Directeur de la publication :<\/strong><strong>\u00a0<\/strong>Claire Mayni\u00e9 \u2013 Contact : contact@maynie-avocat.fr \u2013 09 77 39 27 99 \u2013 Adresse : 2 Pl. Victor Basch, 11000 Carcassonne<\/span><span style=\"color: #874b5d; font-size: 17px;\">\u00a0<\/span><\/p>\n<p><span style=\"color: #874b5d;\"><strong>H\u00e9bergeur :<\/strong>\u00a0ovh \u2013 2 rue Kellermann 59100 Roubaix<\/span><\/p>\n<p><span style=\"color: #874b5d;\"><strong>D\u00e9l\u00e9gu\u00e9 \u00e0 la protection des donn\u00e9es :<\/strong><strong>\u00a0<\/strong>Claire Mayni\u00e9<\/span><\/p>\n<p><span style=\"color: #874b5d;\"><strong>Autres contributeurs :<\/strong>\u00a0cr\u00e9ation du site internet Agence : <a href=\"https:\/\/miseenligne.com\">Miseenligne.com<\/a>\u00a0<\/span><\/p>\n<p><span style=\"color: #874b5d;\">\u00a0<\/span><\/p>\n<h2><span style=\"color: #874b5d;\">2 \u2013 Propri\u00e9t\u00e9 intellectuelle et contrefa\u00e7ons.\u00a0<\/span><\/h2>\n<p><span style=\"color: #874b5d;\"><strong>Claire Mayni\u00e9<\/strong>\u00a0est propri\u00e9taire des droits de propri\u00e9t\u00e9 intellectuelle et d\u00e9tient les droits d\u2019usage sur tous les \u00e9l\u00e9ments accessibles sur le site internet, notamment les textes, images, graphismes, logos, vid\u00e9os, architecture, ic\u00f4nes et sons.<\/span><\/p>\n<p><span style=\"color: #874b5d;\">Toute reproduction, repr\u00e9sentation, modification, publication, adaptation de tout ou partie des \u00e9l\u00e9ments du site, quel que soit le moyen ou le proc\u00e9d\u00e9 utilis\u00e9, est interdite, sauf autorisation \u00e9crite pr\u00e9alable de\u00a0<strong>Claire Mayni\u00e9<\/strong>.<\/span><\/p>\n<p><span style=\"color: #874b5d;\">Toute exploitation non autoris\u00e9e du site ou de l\u2019un quelconque des \u00e9l\u00e9ments qu\u2019il contient sera consid\u00e9r\u00e9e comme constitutive d\u2019une contrefa\u00e7on et poursuivie conform\u00e9ment aux dispositions des articles\u00a0<a href=\"https:\/\/www.legifrance.gouv.fr\/affichCodeArticle.do?idArticle=LEGIARTI000032655082&amp;cidTexte=LEGITEXT000006069414&amp;dateTexte=20160605\" style=\"color: #874b5d;\">L.335-2 et suivants du Code de Propri\u00e9t\u00e9 Intellectuelle<\/a>.\u00a0<\/span><\/p>\n<p><span style=\"color: #874b5d;\">\u00a0<\/span><\/p>\n<h2><span style=\"color: #874b5d;\">3 \u2013 Limitations de responsabilit\u00e9.<\/span><\/h2>\n<p><span style=\"color: #874b5d;\"><strong>Claire Mayni\u00e9<\/strong>\u00a0ne pourra \u00eatre tenu pour responsable des dommages directs et indirects caus\u00e9s au mat\u00e9riel de l\u2019utilisateur, lors de l\u2019acc\u00e8s au site\u00a0<a href=\"https:\/\/manon-negre-avocat.fr\/\" style=\"color: #874b5d;\">https:\/\/maynieavocat.fr\/<\/a>.\u00a0<\/span><\/p>\n<p><span style=\"color: #874b5d;\"><strong>Claire Mayni\u00e9<\/strong>\u00a0d\u00e9cline toute responsabilit\u00e9 quant \u00e0 l\u2019utilisation qui pourrait \u00eatre faite des informations et contenus pr\u00e9sents sur\u00a0<a href=\"https:\/\/manon-negre-avocat.fr\/\" style=\"color: #874b5d;\">https:\/\/maynieavocat.fr\/<\/a>.<\/span><\/p>\n<p><span style=\"color: #874b5d;\"><strong>Claire Mayni\u00e9<\/strong>\u00a0s\u2019engage \u00e0 s\u00e9curiser au mieux le site\u00a0<a href=\"https:\/\/manon-negre-avocat.fr\/\" style=\"color: #874b5d;\">https:\/\/maynieavocat.fr\/<\/a>, cependant sa responsabilit\u00e9 ne pourra \u00eatre mise en cause si des donn\u00e9es ind\u00e9sirables sont import\u00e9es et install\u00e9es sur son site \u00e0 son insu.<\/span><\/p>\n<p><span style=\"color: #874b5d;\">Des espaces interactifs (espace contact) sont \u00e0 la disposition des utilisateurs.\u00a0<strong>Claire Mayni\u00e9<\/strong>\u00a0se r\u00e9serve le droit de supprimer, sans mise en demeure pr\u00e9alable, tout contenu d\u00e9pos\u00e9 dans cet espace qui contreviendrait \u00e0 la l\u00e9gislation applicable en France, en particulier aux dispositions relatives \u00e0 la protection des donn\u00e9es.\u00a0<\/span><\/p>\n<p><span style=\"color: #874b5d;\">Le cas \u00e9ch\u00e9ant,\u00a0<strong>Claire Mayni\u00e9<\/strong>\u00a0se r\u00e9serve \u00e9galement la possibilit\u00e9 de mettre en cause la responsabilit\u00e9 civile et\/ou p\u00e9nale de l\u2019utilisateur, notamment en cas de message \u00e0 caract\u00e8re raciste, injurieux, diffamant, ou pornographique, quel que soit le support utilis\u00e9 (texte, photographie \u2026).<\/span><\/p>\n<p><span style=\"color: #874b5d;\">\u00a0<\/span><\/p>\n<h2><span style=\"color: #874b5d;\">4 \u2013 CNIL et gestion des donn\u00e9es personnelles.<\/span><\/h2>\n<p><span style=\"color: #874b5d;\">Conform\u00e9ment aux dispositions de\u00a0<a href=\"https:\/\/www.legifrance.gouv.fr\/affichTexte.do?cidTexte=JORFTEXT000000886460\" style=\"color: #874b5d;\">la loi 78-17 du 6 janvier 1978 modifi\u00e9e<\/a>, l\u2019utilisateur du site\u00a0<a href=\"https:\/\/manon-negre-avocat.fr\/\" style=\"color: #874b5d;\">https:\/\/maynieavocat.fr\/<\/a>dispose d\u2019un droit d\u2019acc\u00e8s, de modification et de suppression des informations collect\u00e9es. Pour exercer ce droit, envoyez un message \u00e0 notre D\u00e9l\u00e9gu\u00e9 \u00e0 la Protection des Donn\u00e9es :\u00a0Claire Mayni\u00e9.<\/span><\/p>\n<p><span style=\"color: #874b5d;\">Pour plus d\u2019informations sur la fa\u00e7on dont nous traitons vos donn\u00e9es (type de donn\u00e9es, finalit\u00e9, destinataire\u2026), lisez notre\u00a0<a href=\"https:\/\/manon-negre-avocat.fr\/\" style=\"color: #874b5d;\">Politique de Confidentialit\u00e9<\/a>.\u00a0Il est \u00e9galement possible de\u00a0<a href=\"https:\/\/www.cnil.fr\/fr\/plaintes\" style=\"color: #874b5d;\">d\u00e9poser une r\u00e9clamation aupr\u00e8s de la CNIL<\/a>.<\/span><\/p>\n<p><span style=\"color: #874b5d;\"><a href=\"https:\/\/manon-negre-avocat.fr\/\" style=\"color: #874b5d;\">https:\/\/maynieavocat.fr\/<\/a>\u00a0ne commercialise pas vos donn\u00e9es personnelles qui sont donc uniquement utilis\u00e9es par n\u00e9cessit\u00e9 ou \u00e0 des fins statistiques et d\u2019analyses.<\/span><\/p>\n<p><span style=\"color: #874b5d;\">\u00a0<\/span><\/p>\n<h2><span style=\"color: #874b5d;\">5 \u2013 Liens hypertextes et cookies<\/span><\/h2>\n<p><span style=\"color: #874b5d;\">Le site\u00a0<a href=\"http:\/\/https\/manon-negre-avocat.fr\" style=\"color: #874b5d;\">https:\/\/maynieavocat.fr\/<\/a>\u00a0contient des liens hypertextes vers d\u2019autres sites et d\u00e9gage toute responsabilit\u00e9 \u00e0 propos de ces liens externes ou des liens cr\u00e9\u00e9s par d\u2019autres sites vers\u00a0<a href=\"http:\/\/https\/manon-negre-avocat.fr\" style=\"color: #874b5d;\">https:\/\/maynieavocat.fr\/<\/a>.<\/span><\/p>\n<p><span style=\"color: #874b5d;\">La navigation sur le site\u00a0<a href=\"https:\/\/manon-negre-avocat.fr\/\" style=\"color: #874b5d;\">https:\/\/maynieavocat.fr\/<\/a>\u00a0est susceptible de provoquer l\u2019installation de cookie(s) sur l\u2019ordinateur de l\u2019utilisateur.\u00a0Un \u00ab\u00a0cookie\u00a0\u00bb est un fichier de petite taille qui enregistre des informations relatives \u00e0 la navigation d\u2019un utilisateur sur un site. Les donn\u00e9es ainsi obtenues permettent d\u2019obtenir des mesures de fr\u00e9quentation, par exemple.\u00a0Vous avez la possibilit\u00e9\u00a0<strong>d\u2019accepter ou de refuser les cookies<\/strong>\u00a0en modifiant les param\u00e8tres de votre navigateur. Aucun cookie ne sera d\u00e9pos\u00e9 sans votre consentement.\u00a0Les cookies sont enregistr\u00e9s pour une dur\u00e9e maximale de 12 mois.\u00a0Pour plus d\u2019informations sur la fa\u00e7on dont nous faisons usage des cookies, lisez notre\u00a0<a href=\"https:\/\/manon-negre-avocat.fr\/\" style=\"color: #874b5d;\">Politique de Confidentialit\u00e9<\/a>.<\/span><\/p>\n<p><span style=\"color: #874b5d;\">\u00a0<\/span><\/p>\n<h2><span style=\"color: #874b5d;\">6 \u2013 Droit applicable et attribution de juridiction.<\/span><\/h2>\n<p><span style=\"color: #874b5d;\">Tout litige en relation avec l\u2019utilisation du site\u00a0<a href=\"https:\/\/manon-negre-avocat.fr\/\" style=\"color: #874b5d;\">https:\/\/maynieavocat.fr\/<\/a>\u00a0est soumis au droit fran\u00e7ais. En dehors des cas o\u00f9 la loi ne le permet pas, il est fait attribution exclusive de juridiction aux tribunaux comp\u00e9tents de\u00a0<strong>Carcassonne<\/strong>.<\/span><\/p>\n<p>&nbsp;<\/p>[\/et_pb_text][\/et_pb_column][\/et_pb_row][\/et_pb_section]\n","protected":false},"excerpt":{"rendered":"<p>Les cr\u00e9dits et mentions l\u00e9gales1 \u2013 \u00c9dition du site\u00a0 En vertu de\u00a0l\u2019article 6 de la loi n\u00b0 2004-575 du 21 juin 2004\u00a0pour la confiance dans l\u2019\u00e9conomie num\u00e9rique, il est pr\u00e9cis\u00e9 aux utilisateurs du site internet\u00a0https:\/\/maynieavocat.fr\/\u00a0l\u2019identit\u00e9 des diff\u00e9rents intervenants dans le cadre de sa r\u00e9alisation et de son suivi: Propri\u00e9taire du site :\u00a0Claire Mayni\u00e9 \u2013 Contact [&hellip;]<\/p>\n","protected":false},"author":1,"featured_media":0,"parent":0,"menu_order":0,"comment_status":"closed","ping_status":"closed","template":"","meta":{"_et_pb_use_builder":"on","_et_pb_old_content":"","_et_gb_content_width":"","footnotes":""},"class_list":["post-39","page","type-page","status-publish","hentry"],"yoast_head":"<!-- This site is optimized with the Yoast SEO plugin v26.9 - https:\/\/yoast.com\/product\/yoast-seo-wordpress\/ -->\n<title>Cr\u00e9dits et mentions l\u00e9gales - Le Cabinet Claire Mayni\u00e9<\/title>\n<meta name=\"description\" content=\"Install\u00e9 \u00e0 Carcassonne, le cabinet de Ma\u00eetre Claire MAYNIE d\u00e9fend vos int\u00e9r\u00eats, dans le cadre de litiges n\u00e9s ou \u00e0 na\u00eetre.\" \/>\n<meta name=\"robots\" content=\"index, follow, max-snippet:-1, max-image-preview:large, max-video-preview:-1\" \/>\n<link rel=\"canonical\" href=\"https:\/\/maynieavocat.fr\/index.php\/credits-mentions-legales\/\" \/>\n<meta property=\"og:locale\" content=\"fr_FR\" \/>\n<meta property=\"og:type\" content=\"article\" \/>\n<meta property=\"og:title\" content=\"Cr\u00e9dits et mentions l\u00e9gales - Le Cabinet Claire Mayni\u00e9\" \/>\n<meta property=\"og:description\" content=\"Install\u00e9 \u00e0 Carcassonne, le cabinet de Ma\u00eetre Claire MAYNIE d\u00e9fend vos int\u00e9r\u00eats, dans le cadre de litiges n\u00e9s ou \u00e0 na\u00eetre.\" \/>\n<meta property=\"og:url\" content=\"https:\/\/maynieavocat.fr\/index.php\/credits-mentions-legales\/\" \/>\n<meta property=\"og:site_name\" content=\"Le Cabinet Claire Mayni\u00e9\" \/>\n<meta property=\"article:modified_time\" content=\"2022-10-26T12:18:09+00:00\" \/>\n<meta name=\"twitter:card\" content=\"summary_large_image\" \/>\n<meta name=\"twitter:label1\" content=\"Dur\u00e9e de lecture estim\u00e9e\" \/>\n\t<meta name=\"twitter:data1\" content=\"4 minutes\" \/>\n<script type=\"application\/ld+json\" class=\"yoast-schema-graph\">{\"@context\":\"https:\/\/schema.org\",\"@graph\":[{\"@type\":\"WebPage\",\"@id\":\"https:\/\/maynieavocat.fr\/index.php\/credits-mentions-legales\/\",\"url\":\"https:\/\/maynieavocat.fr\/index.php\/credits-mentions-legales\/\",\"name\":\"Cr\u00e9dits et mentions l\u00e9gales - Le Cabinet Claire Mayni\u00e9\",\"isPartOf\":{\"@id\":\"https:\/\/paleturquoise-oyster-947640.hostingersite.com\/#website\"},\"datePublished\":\"2022-05-19T10:19:54+00:00\",\"dateModified\":\"2022-10-26T12:18:09+00:00\",\"description\":\"Install\u00e9 \u00e0 Carcassonne, le cabinet de Ma\u00eetre Claire MAYNIE d\u00e9fend vos int\u00e9r\u00eats, dans le cadre de litiges n\u00e9s ou \u00e0 na\u00eetre.\",\"breadcrumb\":{\"@id\":\"https:\/\/maynieavocat.fr\/index.php\/credits-mentions-legales\/#breadcrumb\"},\"inLanguage\":\"fr-FR\",\"potentialAction\":[{\"@type\":\"ReadAction\",\"target\":[\"https:\/\/maynieavocat.fr\/index.php\/credits-mentions-legales\/\"]}]},{\"@type\":\"BreadcrumbList\",\"@id\":\"https:\/\/maynieavocat.fr\/index.php\/credits-mentions-legales\/#breadcrumb\",\"itemListElement\":[{\"@type\":\"ListItem\",\"position\":1,\"name\":\"Accueil\",\"item\":\"https:\/\/paleturquoise-oyster-947640.hostingersite.com\/\"},{\"@type\":\"ListItem\",\"position\":2,\"name\":\"Cr\u00e9dits et mentions l\u00e9gales\"}]},{\"@type\":\"WebSite\",\"@id\":\"https:\/\/paleturquoise-oyster-947640.hostingersite.com\/#website\",\"url\":\"https:\/\/paleturquoise-oyster-947640.hostingersite.com\/\",\"name\":\"Le cabinet d'avocat Claire Mayni\u00e9 \u00e0 Carcassonne\",\"description\":\"Ma\u00eetre Claire Mayni\u00e9, vous accompagne pour les litiges de droit p\u00e9nal, droit civil et droit commercial.\",\"publisher\":{\"@id\":\"https:\/\/paleturquoise-oyster-947640.hostingersite.com\/#organization\"},\"potentialAction\":[{\"@type\":\"SearchAction\",\"target\":{\"@type\":\"EntryPoint\",\"urlTemplate\":\"https:\/\/paleturquoise-oyster-947640.hostingersite.com\/?s={search_term_string}\"},\"query-input\":{\"@type\":\"PropertyValueSpecification\",\"valueRequired\":true,\"valueName\":\"search_term_string\"}}],\"inLanguage\":\"fr-FR\"},{\"@type\":\"Organization\",\"@id\":\"https:\/\/paleturquoise-oyster-947640.hostingersite.com\/#organization\",\"name\":\"Le Cabinet d'Avocat Claire Mayni\u00e9\",\"url\":\"https:\/\/paleturquoise-oyster-947640.hostingersite.com\/\",\"logo\":{\"@type\":\"ImageObject\",\"inLanguage\":\"fr-FR\",\"@id\":\"https:\/\/paleturquoise-oyster-947640.hostingersite.com\/#\/schema\/logo\/image\/\",\"url\":\"https:\/\/maynieavocat.fr\/wp-content\/uploads\/2022\/05\/cropped-logo-claire-maynie.jpg\",\"contentUrl\":\"https:\/\/maynieavocat.fr\/wp-content\/uploads\/2022\/05\/cropped-logo-claire-maynie.jpg\",\"width\":512,\"height\":512,\"caption\":\"Le Cabinet d'Avocat Claire Mayni\u00e9\"},\"image\":{\"@id\":\"https:\/\/paleturquoise-oyster-947640.hostingersite.com\/#\/schema\/logo\/image\/\"}}]}<\/script>\n<!-- \/ Yoast SEO plugin. -->","yoast_head_json":{"title":"Cr\u00e9dits et mentions l\u00e9gales - Le Cabinet Claire Mayni\u00e9","description":"Install\u00e9 \u00e0 Carcassonne, le cabinet de Ma\u00eetre Claire MAYNIE d\u00e9fend vos int\u00e9r\u00eats, dans le cadre de litiges n\u00e9s ou \u00e0 na\u00eetre.","robots":{"index":"index","follow":"follow","max-snippet":"max-snippet:-1","max-image-preview":"max-image-preview:large","max-video-preview":"max-video-preview:-1"},"canonical":"https:\/\/maynieavocat.fr\/index.php\/credits-mentions-legales\/","og_locale":"fr_FR","og_type":"article","og_title":"Cr\u00e9dits et mentions l\u00e9gales - Le Cabinet Claire Mayni\u00e9","og_description":"Install\u00e9 \u00e0 Carcassonne, le cabinet de Ma\u00eetre Claire MAYNIE d\u00e9fend vos int\u00e9r\u00eats, dans le cadre de litiges n\u00e9s ou \u00e0 na\u00eetre.","og_url":"https:\/\/maynieavocat.fr\/index.php\/credits-mentions-legales\/","og_site_name":"Le Cabinet Claire Mayni\u00e9","article_modified_time":"2022-10-26T12:18:09+00:00","twitter_card":"summary_large_image","twitter_misc":{"Dur\u00e9e de lecture estim\u00e9e":"4 minutes"},"schema":{"@context":"https:\/\/schema.org","@graph":[{"@type":"WebPage","@id":"https:\/\/maynieavocat.fr\/index.php\/credits-mentions-legales\/","url":"https:\/\/maynieavocat.fr\/index.php\/credits-mentions-legales\/","name":"Cr\u00e9dits et mentions l\u00e9gales - Le Cabinet Claire Mayni\u00e9","isPartOf":{"@id":"https:\/\/paleturquoise-oyster-947640.hostingersite.com\/#website"},"datePublished":"2022-05-19T10:19:54+00:00","dateModified":"2022-10-26T12:18:09+00:00","description":"Install\u00e9 \u00e0 Carcassonne, le cabinet de Ma\u00eetre Claire MAYNIE d\u00e9fend vos int\u00e9r\u00eats, dans le cadre de litiges n\u00e9s ou \u00e0 na\u00eetre.","breadcrumb":{"@id":"https:\/\/maynieavocat.fr\/index.php\/credits-mentions-legales\/#breadcrumb"},"inLanguage":"fr-FR","potentialAction":[{"@type":"ReadAction","target":["https:\/\/maynieavocat.fr\/index.php\/credits-mentions-legales\/"]}]},{"@type":"BreadcrumbList","@id":"https:\/\/maynieavocat.fr\/index.php\/credits-mentions-legales\/#breadcrumb","itemListElement":[{"@type":"ListItem","position":1,"name":"Accueil","item":"https:\/\/paleturquoise-oyster-947640.hostingersite.com\/"},{"@type":"ListItem","position":2,"name":"Cr\u00e9dits et mentions l\u00e9gales"}]},{"@type":"WebSite","@id":"https:\/\/paleturquoise-oyster-947640.hostingersite.com\/#website","url":"https:\/\/paleturquoise-oyster-947640.hostingersite.com\/","name":"Le cabinet d'avocat Claire Mayni\u00e9 \u00e0 Carcassonne","description":"Ma\u00eetre Claire Mayni\u00e9, vous accompagne pour les litiges de droit p\u00e9nal, droit civil et droit commercial.","publisher":{"@id":"https:\/\/paleturquoise-oyster-947640.hostingersite.com\/#organization"},"potentialAction":[{"@type":"SearchAction","target":{"@type":"EntryPoint","urlTemplate":"https:\/\/paleturquoise-oyster-947640.hostingersite.com\/?s={search_term_string}"},"query-input":{"@type":"PropertyValueSpecification","valueRequired":true,"valueName":"search_term_string"}}],"inLanguage":"fr-FR"},{"@type":"Organization","@id":"https:\/\/paleturquoise-oyster-947640.hostingersite.com\/#organization","name":"Le Cabinet d'Avocat Claire Mayni\u00e9","url":"https:\/\/paleturquoise-oyster-947640.hostingersite.com\/","logo":{"@type":"ImageObject","inLanguage":"fr-FR","@id":"https:\/\/paleturquoise-oyster-947640.hostingersite.com\/#\/schema\/logo\/image\/","url":"https:\/\/maynieavocat.fr\/wp-content\/uploads\/2022\/05\/cropped-logo-claire-maynie.jpg","contentUrl":"https:\/\/maynieavocat.fr\/wp-content\/uploads\/2022\/05\/cropped-logo-claire-maynie.jpg","width":512,"height":512,"caption":"Le Cabinet d'Avocat Claire Mayni\u00e9"},"image":{"@id":"https:\/\/paleturquoise-oyster-947640.hostingersite.com\/#\/schema\/logo\/image\/"}}]}},"_links":{"self":[{"href":"https:\/\/maynieavocat.fr\/index.php\/wp-json\/wp\/v2\/pages\/39","targetHints":{"allow":["GET"]}}],"collection":[{"href":"https:\/\/maynieavocat.fr\/index.php\/wp-json\/wp\/v2\/pages"}],"about":[{"href":"https:\/\/maynieavocat.fr\/index.php\/wp-json\/wp\/v2\/types\/page"}],"author":[{"embeddable":true,"href":"https:\/\/maynieavocat.fr\/index.php\/wp-json\/wp\/v2\/users\/1"}],"replies":[{"embeddable":true,"href":"https:\/\/maynieavocat.fr\/index.php\/wp-json\/wp\/v2\/comments?post=39"}],"version-history":[{"count":8,"href":"https:\/\/maynieavocat.fr\/index.php\/wp-json\/wp\/v2\/pages\/39\/revisions"}],"predecessor-version":[{"id":510,"href":"https:\/\/maynieavocat.fr\/index.php\/wp-json\/wp\/v2\/pages\/39\/revisions\/510"}],"wp:attachment":[{"href":"https:\/\/maynieavocat.fr\/index.php\/wp-json\/wp\/v2\/media?parent=39"}],"curies":[{"name":"wp","href":"https:\/\/api.w.org\/{rel}","templated":true}]}}